{"id":137,"date":"2024-08-20T09:48:13","date_gmt":"2024-08-20T09:48:13","guid":{"rendered":"https:\/\/ztp-technik.idesign.mk\/?page_id=137"},"modified":"2024-09-01T11:05:58","modified_gmt":"2024-09-01T11:05:58","slug":"baulicher-brandschutz","status":"publish","type":"page","link":"https:\/\/ztp-technik.de\/en\/leistungen\/siecherheit\/baulicher-brandschutz\/","title":{"rendered":"STRUCTURAL FIRE PROTECTION"},"content":{"rendered":"<div data-elementor-type=\"wp-page\" data-elementor-id=\"137\" class=\"elementor elementor-137\" data-elementor-settings=\"{&quot;element_pack_global_tooltip_width&quot;:{&quot;unit&quot;:&quot;px&quot;,&quot;size&quot;:&quot;&quot;,&quot;sizes&quot;:[]},&quot;element_pack_global_tooltip_width_tablet&quot;:{&quot;unit&quot;:&quot;px&quot;,&quot;size&quot;:&quot;&quot;,&quot;sizes&quot;:[]},&quot;element_pack_global_tooltip_width_mobile&quot;:{&quot;unit&quot;:&quot;px&quot;,&quot;size&quot;:&quot;&quot;,&quot;sizes&quot;:[]},&quot;element_pack_global_tooltip_padding&quot;:{&quot;unit&quot;:&quot;px&quot;,&quot;top&quot;:&quot;&quot;,&quot;right&quot;:&quot;&quot;,&quot;bottom&quot;:&quot;&quot;,&quot;left&quot;:&quot;&quot;,&quot;isLinked&quot;:true},&quot;element_pack_global_tooltip_padding_tablet&quot;:{&quot;unit&quot;:&quot;px&quot;,&quot;top&quot;:&quot;&quot;,&quot;right&quot;:&quot;&quot;,&quot;bottom&quot;:&quot;&quot;,&quot;left&quot;:&quot;&quot;,&quot;isLinked&quot;:true},&quot;element_pack_global_tooltip_padding_mobile&quot;:{&quot;unit&quot;:&quot;px&quot;,&quot;top&quot;:&quot;&quot;,&quot;right&quot;:&quot;&quot;,&quot;bottom&quot;:&quot;&quot;,&quot;left&quot;:&quot;&quot;,&quot;isLinked&quot;:true},&quot;element_pack_global_tooltip_border_radius&quot;:{&quot;unit&quot;:&quot;px&quot;,&quot;top&quot;:&quot;&quot;,&quot;right&quot;:&quot;&quot;,&quot;bottom&quot;:&quot;&quot;,&quot;left&quot;:&quot;&quot;,&quot;isLinked&quot;:true},&quot;element_pack_global_tooltip_border_radius_tablet&quot;:{&quot;unit&quot;:&quot;px&quot;,&quot;top&quot;:&quot;&quot;,&quot;right&quot;:&quot;&quot;,&quot;bottom&quot;:&quot;&quot;,&quot;left&quot;:&quot;&quot;,&quot;isLinked&quot;:true},&quot;element_pack_global_tooltip_border_radius_mobile&quot;:{&quot;unit&quot;:&quot;px&quot;,&quot;top&quot;:&quot;&quot;,&quot;right&quot;:&quot;&quot;,&quot;bottom&quot;:&quot;&quot;,&quot;left&quot;:&quot;&quot;,&quot;isLinked&quot;:true}}\" data-elementor-post-type=\"page\">\n\t\t\t\t<div class=\"elementor-element elementor-element-932507b e-flex e-con-boxed e-con e-parent\" data-id=\"932507b\" data-element_type=\"container\">\n\t\t\t\t\t<div class=\"e-con-inner\">\n\t\t<div class=\"elementor-element elementor-element-abf041d e-con-full e-flex e-con e-child\" data-id=\"abf041d\" data-element_type=\"container\">\n\t\t<div class=\"elementor-element elementor-element-b9b4ed0 e-con-full e-flex e-con e-child\" data-id=\"b9b4ed0\" data-element_type=\"container\">\n\t\t<div class=\"elementor-element elementor-element-3a62aa5 e-con-full e-flex e-con e-child\" data-id=\"3a62aa5\" data-element_type=\"container\" data-settings=\"{&quot;background_background&quot;:&quot;classic&quot;}\">\n\t\t\t\t<\/div>\n\t\t<div class=\"elementor-element elementor-element-119dd7c e-con-full e-flex e-con e-child\" data-id=\"119dd7c\" data-element_type=\"container\" data-settings=\"{&quot;background_background&quot;:&quot;classic&quot;}\">\n\t\t\t\t<div class=\"elementor-element elementor-element-1817678 elementor-widget elementor-widget-heading\" data-id=\"1817678\" data-element_type=\"widget\" data-widget_type=\"heading.default\">\n\t\t\t\t<div class=\"elementor-widget-container\">\n\t\t\t\t\t<h3 class=\"elementor-heading-title elementor-size-default\">Prevent spread!<\/h3>\t\t\t\t<\/div>\n\t\t\t\t<\/div>\n\t\t\t\t<div class=\"elementor-element elementor-element-cb82218 elementor-widget elementor-widget-text-editor\" data-id=\"cb82218\" data-element_type=\"widget\" data-widget_type=\"text-editor.default\">\n\t\t\t\t<div class=\"elementor-widget-container\">\n\t\t\t\t\t\t\t\t\t<p>Fire is still one of the most common causes of damage in buildings. Doors, windows and other connecting elements between walls, ceilings and floors present the greatest risk potential here, not to mention cable and pipe systems, joints and cladding, which in the worst case can act like fire accelerators.<\/p><p>In order to avoid such security threats as early as possible and to prevent fires from spreading in an emergency, a whole range of fire protection measures must be observed when building or renovating buildings. The primary goal here is to maximize the safety of those who are in the building. In second place is the best possible protection of property and property.<\/p><p>In order to be able to guarantee optimal prevention and reliably functioning processes in emergencies, a needs-based and very precise planning of fire protection measures is necessary depending on the size of the building and structural complexity. Buildings must be \"broken down\" into fire compartments so that a large number of possible fire scenarios can be optimally covered (\"defensive fire protection\"). Refractory or fire-resistant materials must be carefully selected and used at the appropriate connection points in order to achieve specifications and goals. Whether fire protection doors, smoke protection doors or fire protection glazing: Openings in walls, ceilings and floors that connect rooms with each other or with the outside area must be secured with tested fire protection barriers.<\/p><p>We will help you: from the conception through structural measures to the implementation of regular maintenance.<\/p>\t\t\t\t\t\t\t\t<\/div>\n\t\t\t\t<\/div>\n\t\t\t\t<\/div>\n\t\t\t\t<\/div>\n\t\t\t\t<\/div>\n\t\t\t\t\t<\/div>\n\t\t\t\t<\/div>\n\t\t\t\t<\/div>","protected":false},"excerpt":{"rendered":"<p>Ausbreitung verhindern! Feuer ist immer noch einer der h\u00e4ufigsten Ursachen f\u00fcr Schadensf\u00e4lle in Geb\u00e4uden. Gerade T\u00fcren, Fenster und weitere Verbindungselemente zwischen W\u00e4nden, Decken und B\u00f6den weisen hier das gr\u00f6\u00dfte Gefahrenpotenzial auf, ganz abgesehen von Kabel- und Rohrsystemen, Fugen und Verkleidungen, die im schlimmsten Fall wie Brandbeschleuniger wirken k\u00f6nnen. Um solche Sicherheitsgef\u00e4hrdungen m\u00f6glichst im Ansatz zu [&hellip;]<\/p>","protected":false},"author":1,"featured_media":279,"parent":113,"menu_order":0,"comment_status":"closed","ping_status":"closed","template":"","meta":{"footnotes":""},"class_list":["post-137","page","type-page","status-publish","has-post-thumbnail","hentry"],"_links":{"self":[{"href":"https:\/\/ztp-technik.de\/en\/wp-json\/wp\/v2\/pages\/137","targetHints":{"allow":["GET"]}}],"collection":[{"href":"https:\/\/ztp-technik.de\/en\/wp-json\/wp\/v2\/pages"}],"about":[{"href":"https:\/\/ztp-technik.de\/en\/wp-json\/wp\/v2\/types\/page"}],"author":[{"embeddable":true,"href":"https:\/\/ztp-technik.de\/en\/wp-json\/wp\/v2\/users\/1"}],"replies":[{"embeddable":true,"href":"https:\/\/ztp-technik.de\/en\/wp-json\/wp\/v2\/comments?post=137"}],"version-history":[{"count":0,"href":"https:\/\/ztp-technik.de\/en\/wp-json\/wp\/v2\/pages\/137\/revisions"}],"up":[{"embeddable":true,"href":"https:\/\/ztp-technik.de\/en\/wp-json\/wp\/v2\/pages\/113"}],"wp:featuredmedia":[{"embeddable":true,"href":"https:\/\/ztp-technik.de\/en\/wp-json\/wp\/v2\/media\/279"}],"wp:attachment":[{"href":"https:\/\/ztp-technik.de\/en\/wp-json\/wp\/v2\/media?parent=137"}],"curies":[{"name":"wp","href":"https:\/\/api.w.org\/{rel}","templated":true}]}}