{"id":127,"date":"2024-08-20T09:45:56","date_gmt":"2024-08-20T09:45:56","guid":{"rendered":"https:\/\/ztp-technik.idesign.mk\/?page_id=127"},"modified":"2024-08-21T12:56:29","modified_gmt":"2024-08-21T12:56:29","slug":"energie-sparen","status":"publish","type":"page","link":"https:\/\/ztp-technik.de\/en\/leistungen\/licht-leuchten\/energie-sparen\/","title":{"rendered":"SAVE ENERGY"},"content":{"rendered":"<div data-elementor-type=\"wp-page\" data-elementor-id=\"127\" class=\"elementor elementor-127\" data-elementor-settings=\"{&quot;element_pack_global_tooltip_width&quot;:{&quot;unit&quot;:&quot;px&quot;,&quot;size&quot;:&quot;&quot;,&quot;sizes&quot;:[]},&quot;element_pack_global_tooltip_width_tablet&quot;:{&quot;unit&quot;:&quot;px&quot;,&quot;size&quot;:&quot;&quot;,&quot;sizes&quot;:[]},&quot;element_pack_global_tooltip_width_mobile&quot;:{&quot;unit&quot;:&quot;px&quot;,&quot;size&quot;:&quot;&quot;,&quot;sizes&quot;:[]},&quot;element_pack_global_tooltip_padding&quot;:{&quot;unit&quot;:&quot;px&quot;,&quot;top&quot;:&quot;&quot;,&quot;right&quot;:&quot;&quot;,&quot;bottom&quot;:&quot;&quot;,&quot;left&quot;:&quot;&quot;,&quot;isLinked&quot;:true},&quot;element_pack_global_tooltip_padding_tablet&quot;:{&quot;unit&quot;:&quot;px&quot;,&quot;top&quot;:&quot;&quot;,&quot;right&quot;:&quot;&quot;,&quot;bottom&quot;:&quot;&quot;,&quot;left&quot;:&quot;&quot;,&quot;isLinked&quot;:true},&quot;element_pack_global_tooltip_padding_mobile&quot;:{&quot;unit&quot;:&quot;px&quot;,&quot;top&quot;:&quot;&quot;,&quot;right&quot;:&quot;&quot;,&quot;bottom&quot;:&quot;&quot;,&quot;left&quot;:&quot;&quot;,&quot;isLinked&quot;:true},&quot;element_pack_global_tooltip_border_radius&quot;:{&quot;unit&quot;:&quot;px&quot;,&quot;top&quot;:&quot;&quot;,&quot;right&quot;:&quot;&quot;,&quot;bottom&quot;:&quot;&quot;,&quot;left&quot;:&quot;&quot;,&quot;isLinked&quot;:true},&quot;element_pack_global_tooltip_border_radius_tablet&quot;:{&quot;unit&quot;:&quot;px&quot;,&quot;top&quot;:&quot;&quot;,&quot;right&quot;:&quot;&quot;,&quot;bottom&quot;:&quot;&quot;,&quot;left&quot;:&quot;&quot;,&quot;isLinked&quot;:true},&quot;element_pack_global_tooltip_border_radius_mobile&quot;:{&quot;unit&quot;:&quot;px&quot;,&quot;top&quot;:&quot;&quot;,&quot;right&quot;:&quot;&quot;,&quot;bottom&quot;:&quot;&quot;,&quot;left&quot;:&quot;&quot;,&quot;isLinked&quot;:true}}\" data-elementor-post-type=\"page\">\n\t\t\t\t<div class=\"elementor-element elementor-element-a3b07f7 e-flex e-con-boxed e-con e-parent\" data-id=\"a3b07f7\" data-element_type=\"container\">\n\t\t\t\t\t<div class=\"e-con-inner\">\n\t\t<div class=\"elementor-element elementor-element-d7a8be9 e-con-full e-flex e-con e-child\" data-id=\"d7a8be9\" data-element_type=\"container\">\n\t\t<div class=\"elementor-element elementor-element-f689f90 e-con-full e-flex e-con e-child\" data-id=\"f689f90\" data-element_type=\"container\">\n\t\t<div class=\"elementor-element elementor-element-662c8a8 e-con-full e-flex e-con e-child\" data-id=\"662c8a8\" data-element_type=\"container\">\n\t\t\t\t<div class=\"elementor-element elementor-element-6c6c05f elementor-widget elementor-widget-image\" data-id=\"6c6c05f\" data-element_type=\"widget\" data-widget_type=\"image.default\">\n\t\t\t\t<div class=\"elementor-widget-container\">\n\t\t\t\t\t\t\t\t\t\t\t\t\t\t\t<img fetchpriority=\"high\" decoding=\"async\" width=\"800\" height=\"716\" src=\"https:\/\/ztp-technik.de\/wp-content\/uploads\/2024\/08\/glass-bulb-with-plants-inside-it-e1724244981301-1024x916.jpg\" class=\"elementor-animation-hang attachment-large size-large wp-image-212\" alt=\"\" srcset=\"https:\/\/ztp-technik.de\/wp-content\/uploads\/2024\/08\/glass-bulb-with-plants-inside-it-e1724244981301-1024x916.jpg 1024w, https:\/\/ztp-technik.de\/wp-content\/uploads\/2024\/08\/glass-bulb-with-plants-inside-it-e1724244981301-300x268.jpg 300w, https:\/\/ztp-technik.de\/wp-content\/uploads\/2024\/08\/glass-bulb-with-plants-inside-it-e1724244981301-768x687.jpg 768w, https:\/\/ztp-technik.de\/wp-content\/uploads\/2024\/08\/glass-bulb-with-plants-inside-it-e1724244981301.jpg 1192w\" sizes=\"(max-width: 800px) 100vw, 800px\" \/>\t\t\t\t\t\t\t\t\t\t\t\t\t\t\t<\/div>\n\t\t\t\t<\/div>\n\t\t\t\t<\/div>\n\t\t<div class=\"elementor-element elementor-element-28d03a4 e-con-full e-flex e-con e-child\" data-id=\"28d03a4\" data-element_type=\"container\" data-settings=\"{&quot;background_background&quot;:&quot;classic&quot;}\">\n\t\t\t\t<div class=\"elementor-element elementor-element-1db3eeb elementor-widget elementor-widget-heading\" data-id=\"1db3eeb\" data-element_type=\"widget\" data-widget_type=\"heading.default\">\n\t\t\t\t<div class=\"elementor-widget-container\">\n\t\t\t\t\t<h3 class=\"elementor-heading-title elementor-size-default\">Light on! Waste of energy!<\/h3>\t\t\t\t<\/div>\n\t\t\t\t<\/div>\n\t\t\t\t<div class=\"elementor-element elementor-element-618360a elementor-widget elementor-widget-text-editor\" data-id=\"618360a\" data-element_type=\"widget\" data-widget_type=\"text-editor.default\">\n\t\t\t\t<div class=\"elementor-widget-container\">\n\t\t\t\t\t\t\t\t\t<p>Avoid unnecessary light: Light should only shine where it is needed. From simple motion detectors to presence monitoring, there are many options for regulating the light.<\/p><p>Select suitable light sources: Energy can be saved e.g. B. with LED or energy saving lamps, which use less electricity and last longer than conventional light bulbs.<\/p><p>We would be happy to advise you on how you can save energy by choosing the right lamps.<\/p>\t\t\t\t\t\t\t\t<\/div>\n\t\t\t\t<\/div>\n\t\t\t\t<\/div>\n\t\t\t\t<\/div>\n\t\t\t\t<\/div>\n\t\t\t\t\t<\/div>\n\t\t\t\t<\/div>\n\t\t\t\t<\/div>","protected":false},"excerpt":{"rendered":"<p>Licht an! Energieverschwendung aus! Unn\u00f6tiges Licht vermeiden: Licht sollte nur da leuchten, wo es auch ben\u00f6tigt wird. Vom einfachen Bewegungsmelder bis zur Pr\u00e4senz\u00fcberwachung gibt es viele Optionen, um das Licht zu regulieren. Geeignete Leuchtmittel ausw\u00e4hlen: Energie sparen l\u00e4sst sich z. B. mit LED- oder Energiesparlampen, die weniger Strom verbrauchen und l\u00e4nger halten als konventionelle Gl\u00fchlampen. [&hellip;]<\/p>","protected":false},"author":1,"featured_media":248,"parent":112,"menu_order":0,"comment_status":"closed","ping_status":"closed","template":"","meta":{"footnotes":""},"class_list":["post-127","page","type-page","status-publish","has-post-thumbnail","hentry"],"_links":{"self":[{"href":"https:\/\/ztp-technik.de\/en\/wp-json\/wp\/v2\/pages\/127","targetHints":{"allow":["GET"]}}],"collection":[{"href":"https:\/\/ztp-technik.de\/en\/wp-json\/wp\/v2\/pages"}],"about":[{"href":"https:\/\/ztp-technik.de\/en\/wp-json\/wp\/v2\/types\/page"}],"author":[{"embeddable":true,"href":"https:\/\/ztp-technik.de\/en\/wp-json\/wp\/v2\/users\/1"}],"replies":[{"embeddable":true,"href":"https:\/\/ztp-technik.de\/en\/wp-json\/wp\/v2\/comments?post=127"}],"version-history":[{"count":0,"href":"https:\/\/ztp-technik.de\/en\/wp-json\/wp\/v2\/pages\/127\/revisions"}],"up":[{"embeddable":true,"href":"https:\/\/ztp-technik.de\/en\/wp-json\/wp\/v2\/pages\/112"}],"wp:featuredmedia":[{"embeddable":true,"href":"https:\/\/ztp-technik.de\/en\/wp-json\/wp\/v2\/media\/248"}],"wp:attachment":[{"href":"https:\/\/ztp-technik.de\/en\/wp-json\/wp\/v2\/media?parent=127"}],"curies":[{"name":"wp","href":"https:\/\/api.w.org\/{rel}","templated":true}]}}