{"id":117,"date":"2024-08-20T09:42:26","date_gmt":"2024-08-20T09:42:26","guid":{"rendered":"https:\/\/ztp-technik.idesign.mk\/?page_id=117"},"modified":"2024-08-30T11:43:51","modified_gmt":"2024-08-30T11:43:51","slug":"netzwerke","status":"publish","type":"page","link":"https:\/\/ztp-technik.de\/en\/leistungen\/elektroinstallation\/netzwerke\/","title":{"rendered":"NETWORKS"},"content":{"rendered":"<div data-elementor-type=\"wp-page\" data-elementor-id=\"117\" class=\"elementor elementor-117\" data-elementor-settings=\"{&quot;element_pack_global_tooltip_width&quot;:{&quot;unit&quot;:&quot;px&quot;,&quot;size&quot;:&quot;&quot;,&quot;sizes&quot;:[]},&quot;element_pack_global_tooltip_width_tablet&quot;:{&quot;unit&quot;:&quot;px&quot;,&quot;size&quot;:&quot;&quot;,&quot;sizes&quot;:[]},&quot;element_pack_global_tooltip_width_mobile&quot;:{&quot;unit&quot;:&quot;px&quot;,&quot;size&quot;:&quot;&quot;,&quot;sizes&quot;:[]},&quot;element_pack_global_tooltip_padding&quot;:{&quot;unit&quot;:&quot;px&quot;,&quot;top&quot;:&quot;&quot;,&quot;right&quot;:&quot;&quot;,&quot;bottom&quot;:&quot;&quot;,&quot;left&quot;:&quot;&quot;,&quot;isLinked&quot;:true},&quot;element_pack_global_tooltip_padding_tablet&quot;:{&quot;unit&quot;:&quot;px&quot;,&quot;top&quot;:&quot;&quot;,&quot;right&quot;:&quot;&quot;,&quot;bottom&quot;:&quot;&quot;,&quot;left&quot;:&quot;&quot;,&quot;isLinked&quot;:true},&quot;element_pack_global_tooltip_padding_mobile&quot;:{&quot;unit&quot;:&quot;px&quot;,&quot;top&quot;:&quot;&quot;,&quot;right&quot;:&quot;&quot;,&quot;bottom&quot;:&quot;&quot;,&quot;left&quot;:&quot;&quot;,&quot;isLinked&quot;:true},&quot;element_pack_global_tooltip_border_radius&quot;:{&quot;unit&quot;:&quot;px&quot;,&quot;top&quot;:&quot;&quot;,&quot;right&quot;:&quot;&quot;,&quot;bottom&quot;:&quot;&quot;,&quot;left&quot;:&quot;&quot;,&quot;isLinked&quot;:true},&quot;element_pack_global_tooltip_border_radius_tablet&quot;:{&quot;unit&quot;:&quot;px&quot;,&quot;top&quot;:&quot;&quot;,&quot;right&quot;:&quot;&quot;,&quot;bottom&quot;:&quot;&quot;,&quot;left&quot;:&quot;&quot;,&quot;isLinked&quot;:true},&quot;element_pack_global_tooltip_border_radius_mobile&quot;:{&quot;unit&quot;:&quot;px&quot;,&quot;top&quot;:&quot;&quot;,&quot;right&quot;:&quot;&quot;,&quot;bottom&quot;:&quot;&quot;,&quot;left&quot;:&quot;&quot;,&quot;isLinked&quot;:true}}\" data-elementor-post-type=\"page\">\n\t\t\t\t<div class=\"elementor-element elementor-element-c846f9a e-flex e-con-boxed e-con e-parent\" data-id=\"c846f9a\" data-element_type=\"container\">\n\t\t\t\t\t<div class=\"e-con-inner\">\n\t\t<div class=\"elementor-element elementor-element-cd57c2f e-con-full e-flex e-con e-child\" data-id=\"cd57c2f\" data-element_type=\"container\">\n\t\t<div class=\"elementor-element elementor-element-a87cf55 e-con-full e-flex e-con e-child\" data-id=\"a87cf55\" data-element_type=\"container\">\n\t\t<div class=\"elementor-element elementor-element-8c05afd e-con-full e-flex e-con e-child\" data-id=\"8c05afd\" data-element_type=\"container\">\n\t\t\t\t<div class=\"elementor-element elementor-element-4a5d7ed elementor-widget elementor-widget-image\" data-id=\"4a5d7ed\" data-element_type=\"widget\" data-widget_type=\"image.default\">\n\t\t\t\t<div class=\"elementor-widget-container\">\n\t\t\t\t\t\t\t\t\t\t\t\t\t\t\t<img fetchpriority=\"high\" decoding=\"async\" width=\"703\" height=\"1024\" src=\"https:\/\/ztp-technik.de\/wp-content\/uploads\/2024\/08\/2-16-703x1024.jpg\" class=\"elementor-animation-hang attachment-large size-large wp-image-744\" alt=\"\" srcset=\"https:\/\/ztp-technik.de\/wp-content\/uploads\/2024\/08\/2-16-703x1024.jpg 703w, https:\/\/ztp-technik.de\/wp-content\/uploads\/2024\/08\/2-16-206x300.jpg 206w, https:\/\/ztp-technik.de\/wp-content\/uploads\/2024\/08\/2-16-768x1119.jpg 768w, https:\/\/ztp-technik.de\/wp-content\/uploads\/2024\/08\/2-16-8x12.jpg 8w, https:\/\/ztp-technik.de\/wp-content\/uploads\/2024\/08\/2-16.jpg 900w\" sizes=\"(max-width: 703px) 100vw, 703px\" \/>\t\t\t\t\t\t\t\t\t\t\t\t\t\t\t<\/div>\n\t\t\t\t<\/div>\n\t\t\t\t<\/div>\n\t\t<div class=\"elementor-element elementor-element-6c1c0d5 e-con-full e-flex e-con e-child\" data-id=\"6c1c0d5\" data-element_type=\"container\" data-settings=\"{&quot;background_background&quot;:&quot;classic&quot;}\">\n\t\t\t\t<div class=\"elementor-element elementor-element-53e704e elementor-widget elementor-widget-heading\" data-id=\"53e704e\" data-element_type=\"widget\" data-widget_type=\"heading.default\">\n\t\t\t\t<div class=\"elementor-widget-container\">\n\t\t\t\t\t<h3 class=\"elementor-heading-title elementor-size-default\">Network technology for reliable and secure data transmission<\/h3>\t\t\t\t<\/div>\n\t\t\t\t<\/div>\n\t\t\t\t<div class=\"elementor-element elementor-element-8539298 elementor-widget elementor-widget-text-editor\" data-id=\"8539298\" data-element_type=\"widget\" data-widget_type=\"text-editor.default\">\n\t\t\t\t<div class=\"elementor-widget-container\">\n\t\t\t\t\t\t\t\t\t<p>Network technology is becoming increasingly important - both in companies and in private households.<\/p><p>While a single Internet connection in a residential building used to be sufficient to connect a PC, many different Internet-enabled devices are now used in most households - from smartphones to network printers to smart TVs. The trend towards the smart home is making connections to the Internet even more important. This means that you have to integrate many other devices in the field of building services into the network. Network technology is also playing an increasingly important role in companies. Network technology is also playing an increasingly important role in companies. Auch in Unternehmen spielt die Netzwerktechnologie eine immer wichtigere Rolle. Enterprise network technology also plays an increasingly important role. Auch die Unternehmensnetzwerktechnologie spielt eine immer wichtigere Rolle. Hardly any workplace can do without the Internet. In addition, there are networked machines that also need the appropriate links to the Internet. It is therefore becoming more and more important to plan the network professionally. Our specialist company is the right contact for this.<\/p>\t\t\t\t\t\t\t\t<\/div>\n\t\t\t\t<\/div>\n\t\t\t\t<\/div>\n\t\t\t\t<\/div>\n\t\t\t\t<\/div>\n\t\t\t\t\t<\/div>\n\t\t\t\t<\/div>\n\t\t<div class=\"elementor-element elementor-element-48e2e8a e-con-full e-flex e-con e-child\" data-id=\"48e2e8a\" data-element_type=\"container\">\n\t\t<div class=\"elementor-element elementor-element-9e09487 e-con-full e-flex e-con e-child\" data-id=\"9e09487\" data-element_type=\"container\" data-settings=\"{&quot;background_background&quot;:&quot;classic&quot;}\">\n\t\t\t\t<div class=\"elementor-element elementor-element-ba4ed0d elementor-widget elementor-widget-heading\" data-id=\"ba4ed0d\" data-element_type=\"widget\" data-widget_type=\"heading.default\">\n\t\t\t\t<div class=\"elementor-widget-container\">\n\t\t\t\t\t<h3 class=\"elementor-heading-title elementor-size-default\">Wired network or WiFi?<\/h3>\t\t\t\t<\/div>\n\t\t\t\t<\/div>\n\t\t\t\t<div class=\"elementor-element elementor-element-cb5c15d elementor-widget elementor-widget-text-editor\" data-id=\"cb5c15d\" data-element_type=\"widget\" data-widget_type=\"text-editor.default\">\n\t\t\t\t<div class=\"elementor-widget-container\">\n\t\t\t\t\t\t\t\t\t<p>When you set up a network, you can either create wired shortcuts or set up a wireless network. It is therefore a central aspect of network technology to select a suitable implementation. Wireless networks offer the advantage that they can be implemented quickly and that no annoying cables are necessary. Wired networks, on the other hand, are particularly secure and allow large amounts of data to be transmitted. However, the effort for the installation is much higher. So the first step in setting up a network is always figuring out which technology works for you.<\/p>\t\t\t\t\t\t\t\t<\/div>\n\t\t\t\t<\/div>\n\t\t\t\t<\/div>\n\t\t<div class=\"elementor-element elementor-element-784d541 e-con-full e-flex e-con e-child\" data-id=\"784d541\" data-element_type=\"container\">\n\t\t\t\t<div class=\"elementor-element elementor-element-f4dcd28 elementor-widget elementor-widget-image\" data-id=\"f4dcd28\" data-element_type=\"widget\" data-widget_type=\"image.default\">\n\t\t\t\t<div class=\"elementor-widget-container\">\n\t\t\t\t\t\t\t\t\t\t\t\t\t\t\t<img decoding=\"async\" width=\"800\" height=\"534\" src=\"https:\/\/ztp-technik.de\/wp-content\/uploads\/2024\/08\/2-1024x683.jpg\" class=\"elementor-animation-hang attachment-large size-large wp-image-321\" alt=\"\" srcset=\"https:\/\/ztp-technik.de\/wp-content\/uploads\/2024\/08\/2-1024x683.jpg 1024w, https:\/\/ztp-technik.de\/wp-content\/uploads\/2024\/08\/2-300x200.jpg 300w, https:\/\/ztp-technik.de\/wp-content\/uploads\/2024\/08\/2-768x513.jpg 768w, https:\/\/ztp-technik.de\/wp-content\/uploads\/2024\/08\/2-1536x1025.jpg 1536w, https:\/\/ztp-technik.de\/wp-content\/uploads\/2024\/08\/2-2048x1367.jpg 2048w\" sizes=\"(max-width: 800px) 100vw, 800px\" \/>\t\t\t\t\t\t\t\t\t\t\t\t\t\t\t<\/div>\n\t\t\t\t<\/div>\n\t\t\t\t<\/div>\n\t\t\t\t<\/div>\n\t\t<div class=\"elementor-element elementor-element-451247d e-flex e-con-boxed e-con e-parent\" data-id=\"451247d\" data-element_type=\"container\" data-settings=\"{&quot;background_background&quot;:&quot;classic&quot;}\">\n\t\t\t\t\t<div class=\"e-con-inner\">\n\t\t<div class=\"elementor-element elementor-element-8b39e86 e-con-full e-flex e-con e-child\" data-id=\"8b39e86\" data-element_type=\"container\">\n\t\t\t\t<div class=\"elementor-element elementor-element-c8338c0 elementor-widget elementor-widget-heading\" data-id=\"c8338c0\" data-element_type=\"widget\" data-widget_type=\"heading.default\">\n\t\t\t\t<div class=\"elementor-widget-container\">\n\t\t\t\t\t<h3 class=\"elementor-heading-title elementor-size-default\">Important aspects for network technology<\/h3>\t\t\t\t<\/div>\n\t\t\t\t<\/div>\n\t\t\t\t<div class=\"elementor-element elementor-element-5a7ba5c elementor-widget elementor-widget-text-editor\" data-id=\"5a7ba5c\" data-element_type=\"widget\" data-widget_type=\"text-editor.default\">\n\t\t\t\t<div class=\"elementor-widget-container\">\n\t\t\t\t\t\t\t\t\t<p>The goal of network technology is to set up perfectly functioning data networks. Many different aspects are important here.<\/p>\t\t\t\t\t\t\t\t<\/div>\n\t\t\t\t<\/div>\n\t\t\t\t<div class=\"elementor-element elementor-element-093b6f3 elementor-widget elementor-widget-heading\" data-id=\"093b6f3\" data-element_type=\"widget\" data-widget_type=\"heading.default\">\n\t\t\t\t<div class=\"elementor-widget-container\">\n\t\t\t\t\t<h2 class=\"elementor-heading-title elementor-size-default\">Low latency<\/h2>\t\t\t\t<\/div>\n\t\t\t\t<\/div>\n\t\t\t\t<div class=\"elementor-element elementor-element-fc65cfa elementor-widget elementor-widget-text-editor\" data-id=\"fc65cfa\" data-element_type=\"widget\" data-widget_type=\"text-editor.default\">\n\t\t\t\t<div class=\"elementor-widget-container\">\n\t\t\t\t\t\t\t\t\t<p>The latency indicates how long it takes to establish a connection. It is important to keep these delays as short as possible.<\/p>\t\t\t\t\t\t\t\t<\/div>\n\t\t\t\t<\/div>\n\t\t\t\t<div class=\"elementor-element elementor-element-75264d0 elementor-widget elementor-widget-heading\" data-id=\"75264d0\" data-element_type=\"widget\" data-widget_type=\"heading.default\">\n\t\t\t\t<div class=\"elementor-widget-container\">\n\t\t\t\t\t<h2 class=\"elementor-heading-title elementor-size-default\">High transmission speed<\/h2>\t\t\t\t<\/div>\n\t\t\t\t<\/div>\n\t\t\t\t<div class=\"elementor-element elementor-element-5570fbb elementor-widget elementor-widget-text-editor\" data-id=\"5570fbb\" data-element_type=\"widget\" data-widget_type=\"text-editor.default\">\n\t\t\t\t<div class=\"elementor-widget-container\">\n\t\t\t\t\t\t\t\t\t<p>In the context of network technology, it is also necessary to determine which requirements exist for the speed of data transmission. In the case of automated industrial systems in particular, it is very important that sufficient bandwidth is available.<\/p>\t\t\t\t\t\t\t\t<\/div>\n\t\t\t\t<\/div>\n\t\t\t\t<div class=\"elementor-element elementor-element-583b32f elementor-widget elementor-widget-heading\" data-id=\"583b32f\" data-element_type=\"widget\" data-widget_type=\"heading.default\">\n\t\t\t\t<div class=\"elementor-widget-container\">\n\t\t\t\t\t<h2 class=\"elementor-heading-title elementor-size-default\">Security for the transmitted data<\/h2>\t\t\t\t<\/div>\n\t\t\t\t<\/div>\n\t\t\t\t<div class=\"elementor-element elementor-element-5dd8fea elementor-widget elementor-widget-text-editor\" data-id=\"5dd8fea\" data-element_type=\"widget\" data-widget_type=\"text-editor.default\">\n\t\t\t\t<div class=\"elementor-widget-container\">\n\t\t\t\t\t\t\t\t\t<p>It is important to ensure a high level of data security in both private and company networks. The network technology must prevent unauthorized access to the information.<\/p>\t\t\t\t\t\t\t\t<\/div>\n\t\t\t\t<\/div>\n\t\t\t\t<div class=\"elementor-element elementor-element-cfdad99 elementor-widget elementor-widget-heading\" data-id=\"cfdad99\" data-element_type=\"widget\" data-widget_type=\"heading.default\">\n\t\t\t\t<div class=\"elementor-widget-container\">\n\t\t\t\t\t<h2 class=\"elementor-heading-title elementor-size-default\">Stable connections without interruptions<\/h2>\t\t\t\t<\/div>\n\t\t\t\t<\/div>\n\t\t\t\t<div class=\"elementor-element elementor-element-c68692a elementor-widget elementor-widget-text-editor\" data-id=\"c68692a\" data-element_type=\"widget\" data-widget_type=\"text-editor.default\">\n\t\t\t\t<div class=\"elementor-widget-container\">\n\t\t\t\t\t\t\t\t\t<p>A stable connection is also essential. This way, your applications will not be interrupted.<\/p>\t\t\t\t\t\t\t\t<\/div>\n\t\t\t\t<\/div>\n\t\t\t\t<div class=\"elementor-element elementor-element-a97a755 elementor-widget elementor-widget-heading\" data-id=\"a97a755\" data-element_type=\"widget\" data-widget_type=\"heading.default\">\n\t\t\t\t<div class=\"elementor-widget-container\">\n\t\t\t\t\t<h2 class=\"elementor-heading-title elementor-size-default\">Avoid interference with other devices<\/h2>\t\t\t\t<\/div>\n\t\t\t\t<\/div>\n\t\t\t\t<div class=\"elementor-element elementor-element-a0902ba elementor-widget elementor-widget-text-editor\" data-id=\"a0902ba\" data-element_type=\"widget\" data-widget_type=\"text-editor.default\">\n\t\t\t\t<div class=\"elementor-widget-container\">\n\t\t\t\t\t\t\t\t\t<p>Electromagnetic signals are used to transmit the information. This can cause interference with other devices. When planning the network, it is therefore very important to prevent such disruptions.<\/p>\t\t\t\t\t\t\t\t<\/div>\n\t\t\t\t<\/div>\n\t\t\t\t<\/div>\n\t\t<div class=\"elementor-element elementor-element-9d9be52 e-con-full e-flex elementor-invisible e-con e-child\" data-id=\"9d9be52\" data-element_type=\"container\" data-settings=\"{&quot;background_background&quot;:&quot;classic&quot;,&quot;animation&quot;:&quot;fadeIn&quot;}\">\n\t\t\t\t<div class=\"elementor-element elementor-element-4b99d6e elementor-widget elementor-widget-spacer\" data-id=\"4b99d6e\" data-element_type=\"widget\" data-widget_type=\"spacer.default\">\n\t\t\t\t<div class=\"elementor-widget-container\">\n\t\t\t\t\t\t\t<div class=\"elementor-spacer\">\n\t\t\t<div class=\"elementor-spacer-inner\"><\/div>\n\t\t<\/div>\n\t\t\t\t\t\t<\/div>\n\t\t\t\t<\/div>\n\t\t\t\t<\/div>\n\t\t\t\t\t<\/div>\n\t\t\t\t<\/div>\n\t\t<div class=\"elementor-element elementor-element-34c171f e-con-full e-flex e-con e-child\" data-id=\"34c171f\" data-element_type=\"container\">\n\t\t<div class=\"elementor-element elementor-element-2de8c91 e-con-full e-flex e-con e-child\" data-id=\"2de8c91\" data-element_type=\"container\">\n\t\t\t\t<div class=\"elementor-element elementor-element-774b6ad elementor-widget elementor-widget-image\" data-id=\"774b6ad\" data-element_type=\"widget\" data-widget_type=\"image.default\">\n\t\t\t\t<div class=\"elementor-widget-container\">\n\t\t\t\t\t\t\t\t\t\t\t\t\t\t\t<img decoding=\"async\" width=\"800\" height=\"534\" src=\"https:\/\/ztp-technik.de\/wp-content\/uploads\/2024\/08\/electrical-panel-with-fuses-contactors-closeup_169016-51242.jpg\" class=\"elementor-animation-hang attachment-large size-large wp-image-323\" alt=\"\" srcset=\"https:\/\/ztp-technik.de\/wp-content\/uploads\/2024\/08\/electrical-panel-with-fuses-contactors-closeup_169016-51242.jpg 826w, https:\/\/ztp-technik.de\/wp-content\/uploads\/2024\/08\/electrical-panel-with-fuses-contactors-closeup_169016-51242-300x200.jpg 300w, https:\/\/ztp-technik.de\/wp-content\/uploads\/2024\/08\/electrical-panel-with-fuses-contactors-closeup_169016-51242-768x512.jpg 768w\" sizes=\"(max-width: 800px) 100vw, 800px\" \/>\t\t\t\t\t\t\t\t\t\t\t\t\t\t\t<\/div>\n\t\t\t\t<\/div>\n\t\t\t\t<\/div>\n\t\t<div class=\"elementor-element elementor-element-c843632 e-con-full e-flex e-con e-child\" data-id=\"c843632\" data-element_type=\"container\" data-settings=\"{&quot;background_background&quot;:&quot;classic&quot;}\">\n\t\t\t\t<div class=\"elementor-element elementor-element-ce8a1ae elementor-widget elementor-widget-heading\" data-id=\"ce8a1ae\" data-element_type=\"widget\" data-widget_type=\"heading.default\">\n\t\t\t\t<div class=\"elementor-widget-container\">\n\t\t\t\t\t<h3 class=\"elementor-heading-title elementor-size-default\">Professional planning and implementation by your electrician<\/h3>\t\t\t\t<\/div>\n\t\t\t\t<\/div>\n\t\t\t\t<div class=\"elementor-element elementor-element-58cb7cb elementor-widget elementor-widget-text-editor\" data-id=\"58cb7cb\" data-element_type=\"widget\" data-widget_type=\"text-editor.default\">\n\t\t\t\t<div class=\"elementor-widget-container\">\n\t\t\t\t\t\t\t\t\t<p>The previous sections have shown that numerous details must be taken into account in network technology in order to ensure perfect and secure data transmission. Therefore, professional planning and proper implementation are essential for this. As a specialist electrician, we have well-trained employees for this. If you value reliable and fast data transmission, then we are exactly the right partner for this project.<\/p>\t\t\t\t\t\t\t\t<\/div>\n\t\t\t\t<\/div>\n\t\t\t\t<\/div>\n\t\t\t\t<\/div>\n\t\t\t\t<\/div>","protected":false},"excerpt":{"rendered":"<p>Netzwerktechnik f\u00fcr eine zuverl\u00e4ssige und sichere Daten\u00fcbertragung Die Netzwerktechnik gewinnt immer st\u00e4rker an Bedeutung \u2013 sowohl in Unternehmen als auch in Privathaushalten. W\u00e4hrend fr\u00fcher ein einzelner Internetanschluss in einem Wohnhaus ausreichte, um einen PC zu verbinden, kommen in den meisten Haushalten mittlerweile viele verschiedene internetf\u00e4hige Ger\u00e4te zum Einsatz \u2013 vom Smartphone \u00fcber den Netzwerkdrucker bis [&hellip;]<\/p>","protected":false},"author":1,"featured_media":228,"parent":110,"menu_order":0,"comment_status":"closed","ping_status":"closed","template":"","meta":{"footnotes":""},"class_list":["post-117","page","type-page","status-publish","has-post-thumbnail","hentry"],"_links":{"self":[{"href":"https:\/\/ztp-technik.de\/en\/wp-json\/wp\/v2\/pages\/117","targetHints":{"allow":["GET"]}}],"collection":[{"href":"https:\/\/ztp-technik.de\/en\/wp-json\/wp\/v2\/pages"}],"about":[{"href":"https:\/\/ztp-technik.de\/en\/wp-json\/wp\/v2\/types\/page"}],"author":[{"embeddable":true,"href":"https:\/\/ztp-technik.de\/en\/wp-json\/wp\/v2\/users\/1"}],"replies":[{"embeddable":true,"href":"https:\/\/ztp-technik.de\/en\/wp-json\/wp\/v2\/comments?post=117"}],"version-history":[{"count":0,"href":"https:\/\/ztp-technik.de\/en\/wp-json\/wp\/v2\/pages\/117\/revisions"}],"up":[{"embeddable":true,"href":"https:\/\/ztp-technik.de\/en\/wp-json\/wp\/v2\/pages\/110"}],"wp:featuredmedia":[{"embeddable":true,"href":"https:\/\/ztp-technik.de\/en\/wp-json\/wp\/v2\/media\/228"}],"wp:attachment":[{"href":"https:\/\/ztp-technik.de\/en\/wp-json\/wp\/v2\/media?parent=117"}],"curies":[{"name":"wp","href":"https:\/\/api.w.org\/{rel}","templated":true}]}}